{"id":203,"date":"2025-01-31T10:38:47","date_gmt":"2025-01-31T10:38:47","guid":{"rendered":"https:\/\/inlogit.com\/?page_id=203"},"modified":"2025-02-18T13:18:44","modified_gmt":"2025-02-18T13:18:44","slug":"home","status":"publish","type":"page","link":"https:\/\/inlogit.com\/","title":{"rendered":"Home"},"content":{"rendered":"<div class=\"n2_clear\"><ss3-force-full-width data-overflow-x=\"body\" data-horizontal-selector=\"body\"><div class=\"n2-section-smartslider fitvidsignore  n2_clear\" data-ssid=\"2\"><div id=\"n2-ss-2-align\" class=\"n2-ss-align\"><div class=\"n2-padding\"><div id=\"n2-ss-2\" data-creator=\"Smart Slider 3\" data-responsive=\"fullwidth\" class=\"n2-ss-slider n2-ow n2-has-hover n2notransition  \">\n        <div class=\"n2-ss-slider-1 n2_ss__touch_element n2-ow\">\n            <div class=\"n2-ss-slider-2 n2-ow\">\n                                                <div class=\"n2-ss-slider-3 n2-ow\">\n\n                    <div class=\"n2-ss-slide-backgrounds n2-ow-all\"><div class=\"n2-ss-slide-background\" data-public-id=\"1\" data-mode=\"fill\"><div class=\"n2-ss-slide-background-image\" data-blur=\"0\" data-opacity=\"100\" data-x=\"50\" data-y=\"50\" data-alt=\"\" data-title=\"\"><picture class=\"skip-lazy\" data-skip-lazy=\"1\"><img decoding=\"async\" src=\"\/\/inlogit.com\/wp-content\/uploads\/2025\/02\/AdobeStock_463137144-2048x681-1.jpeg\" alt=\"\" title=\"\" loading=\"lazy\" class=\"skip-lazy\" data-skip-lazy=\"1\"><\/picture><\/div><div data-color=\"RGBA(255,255,255,0)\" style=\"background-color: RGBA(255,255,255,0);\" class=\"n2-ss-slide-background-color\"><\/div><\/div><div class=\"n2-ss-slide-background\" data-public-id=\"2\" data-mode=\"fill\" aria-hidden=\"true\"><div class=\"n2-ss-slide-background-image\" data-blur=\"0\" data-opacity=\"100\" data-x=\"50\" data-y=\"50\" data-alt=\"\" data-title=\"\"><picture class=\"skip-lazy\" data-skip-lazy=\"1\"><img decoding=\"async\" src=\"\/\/inlogit.com\/wp-content\/uploads\/2025\/01\/AdobeStock_626250763-scaled.webp\" alt=\"\" title=\"\" loading=\"lazy\" class=\"skip-lazy\" data-skip-lazy=\"1\"><\/picture><\/div><div data-color=\"RGBA(255,255,255,0)\" style=\"background-color: RGBA(255,255,255,0);\" class=\"n2-ss-slide-background-color\"><\/div><\/div><div class=\"n2-ss-slide-background\" data-public-id=\"3\" data-mode=\"fill\" aria-hidden=\"true\"><div class=\"n2-ss-slide-background-image\" data-blur=\"0\" data-opacity=\"100\" data-x=\"50\" data-y=\"50\" data-alt=\"\" data-title=\"\"><picture class=\"skip-lazy\" data-skip-lazy=\"1\"><img decoding=\"async\" src=\"\/\/inlogit.com\/wp-content\/uploads\/2025\/01\/AdobeStock_708606378-scaled.webp\" alt=\"\" title=\"\" loading=\"lazy\" class=\"skip-lazy\" data-skip-lazy=\"1\"><\/picture><\/div><div data-color=\"RGBA(255,255,255,0)\" style=\"background-color: RGBA(255,255,255,0);\" class=\"n2-ss-slide-background-color\"><\/div><\/div><\/div>                    <div class=\"n2-ss-slider-4 n2-ow\">\n                        <svg xmlns=\"http:\/\/www.w3.org\/2000\/svg\" viewBox=\"0 0 1000 700\" data-related-device=\"desktopPortrait\" class=\"n2-ow n2-ss-preserve-size n2-ss-preserve-size--slider n2-ss-slide-limiter\"><\/svg><div data-first=\"1\" data-slide-duration=\"0\" data-id=\"7\" data-slide-public-id=\"1\" data-title=\"Global world network and telecommunication on earth cryptocurrency and blockchain and IoT. Elements of this image furnished by NASA.blurred dept of field.\" class=\"n2-ss-slide n2-ow  n2-ss-slide-7\"><div role=\"note\" class=\"n2-ss-slide--focus\" tabindex=\"-1\">Global world network and telecommunication on earth cryptocurrency and blockchain and IoT. Elements of this image furnished by NASA.blurred dept of field.<\/div><div class=\"n2-ss-layers-container n2-ss-slide-limiter n2-ow\"><div class=\"n2-ss-layer n2-ow n-uc-pxXzPL3p8OJs\" data-sstype=\"slide\" data-pm=\"default\"><\/div><\/div><\/div><div data-slide-duration=\"0\" data-id=\"3\" data-slide-public-id=\"2\" aria-hidden=\"true\" data-title=\"AdobeStock_626250763\" class=\"n2-ss-slide n2-ow  n2-ss-slide-3\"><div role=\"note\" class=\"n2-ss-slide--focus\" tabindex=\"-1\">AdobeStock_626250763<\/div><div class=\"n2-ss-layers-container n2-ss-slide-limiter n2-ow\"><div class=\"n2-ss-layer n2-ow n-uc-oRRz7rz1Cz9k\" data-sstype=\"slide\" data-pm=\"default\"><\/div><\/div><\/div><div data-slide-duration=\"0\" data-id=\"6\" data-slide-public-id=\"3\" aria-hidden=\"true\" data-title=\"AdobeStock_708606378\" class=\"n2-ss-slide n2-ow  n2-ss-slide-6\"><div role=\"note\" class=\"n2-ss-slide--focus\" tabindex=\"-1\">AdobeStock_708606378<\/div><div class=\"n2-ss-layers-container n2-ss-slide-limiter n2-ow\"><div class=\"n2-ss-layer n2-ow n-uc-0ymLG3IPzrm0\" data-sstype=\"slide\" data-pm=\"default\"><\/div><\/div><\/div>                    <\/div>\n\n                                    <\/div>\n            <\/div>\n        <\/div>\n        <\/div><ss3-loader><\/ss3-loader><\/div><\/div><div class=\"n2_clear\"><\/div><\/div><\/ss3-force-full-width><\/div>\n\n\n<div class=\"wp-block-columns is-layout-flex wp-container-core-columns-is-layout-28f84493 wp-block-columns-is-layout-flex\">\n<div class=\"wp-block-column is-layout-flow wp-block-column-is-layout-flow\"><\/div>\n<\/div>\n\n\n\n<p style=\"margin-right:0;margin-left:0\"><\/p>\n\n\n\n<h4 class=\"wp-block-heading has-text-align-center specjalizacje\"><em>W Inlogit rozumiemy Pa\u0144stwa za\u0142o\u017cenia oraz wyznaczone kierunki rozwoju.<\/em><br><em><br>Do Pa\u0144stwa dyspozycji oddajemy Nasze grono Ekspert\u00f3w oraz instrumenty, kt\u00f3re pomog\u0105 osi\u0105gn\u0105\u0107 ka\u017cde wyzwanie!<\/em><\/h4>\n\n\n\n<div style=\"height:58px\" aria-hidden=\"true\" class=\"wp-block-spacer\"><\/div>\n\n\n\n<h2 class=\"wp-block-heading\" id=\"specjalizacje\"><\/h2>\n\n\n\n<div class=\"wp-block-buttons has-custom-font-size has-medium-font-size is-vertical is-content-justification-center is-layout-flex wp-container-core-buttons-is-layout-1de01ec0 wp-block-buttons-is-layout-flex\" style=\"border-style:none;border-width:0px;border-radius:0px;margin-top:0;margin-bottom:0;padding-top:0;padding-right:0;padding-bottom:0;padding-left:0\">\n<div class=\"wp-block-button has-custom-width wp-block-button__width-25 has-custom-font-size specjalizacje is-style-fill mniejszy-odstep\" style=\"font-size:18px\"><a class=\"wp-block-button__link has-ast-global-color-4-color has-text-color has-background has-link-color has-text-align-center wp-element-button\" style=\"border-style:none;border-width:0px;border-radius:0px;background-color:#009ee0;padding-top:var(--wp--preset--spacing--50);padding-right:0;padding-bottom:var(--wp--preset--spacing--50);padding-left:0\">NASZE SPECJALIZACJE<\/a><\/div>\n<\/div>\n\n\n\n<div class=\"wp-block-columns has-background is-layout-flex wp-container-core-columns-is-layout-f20ae673 wp-block-columns-is-layout-flex\" style=\"background-color:#f8f8f8;margin-top:0;margin-bottom:0\">\n<div class=\"wp-block-column has-ast-global-color-4-background-color has-background is-layout-flow wp-block-column-is-layout-flow\" style=\"padding-top:var(--wp--preset--spacing--50);padding-bottom:var(--wp--preset--spacing--50);flex-basis:700px\">\n<figure class=\"wp-block-image aligncenter size-full is-resized\"><img loading=\"lazy\" decoding=\"async\" width=\"203\" height=\"129\" src=\"https:\/\/inlogit.com\/wp-content\/uploads\/2025\/01\/truck.png\" alt=\"\" class=\"wp-image-226\" style=\"width:159px;height:auto\"\/><\/figure>\n\n\n\n<p class=\"has-text-align-center specjalizacje\" style=\"font-size:32px\">Wynajem \/ Logistyka \/ Transport<\/p>\n\n\n\n<div style=\"height:3px\" aria-hidden=\"true\" class=\"wp-block-spacer\"><\/div>\n\n\n\n<p class=\"has-text-align-center specjalizacje\" style=\"font-size:18px\">Zapewniamy wynajem kr\u00f3tko i d\u0142ugoterminowy zestaw\u00f3w ch\u0142odniczych, wielkogabarytowych i specjalistycznych.<\/p>\n<\/div>\n\n\n\n<div class=\"wp-block-column has-ast-global-color-4-background-color has-background is-layout-flow wp-container-core-column-is-layout-1b651894 wp-block-column-is-layout-flow\" style=\"padding-top:var(--wp--preset--spacing--50);padding-right:0;padding-bottom:var(--wp--preset--spacing--50);padding-left:0;flex-basis:700px\">\n<figure class=\"wp-block-image aligncenter size-full is-resized\"><img loading=\"lazy\" decoding=\"async\" width=\"143\" height=\"126\" src=\"https:\/\/inlogit.com\/wp-content\/uploads\/2025\/01\/home.png\" alt=\"\" class=\"wp-image-228\" style=\"width:118px;height:auto\"\/><\/figure>\n\n\n\n<div style=\"height:19px\" aria-hidden=\"true\" class=\"wp-block-spacer\"><\/div>\n\n\n\n<p class=\"has-text-align-center specjalizacje\" style=\"font-size:32px\">Obr\u00f3t i strategiczne zarz\u0105dzanie rynkiem nieruchomo\u015bci<\/p>\n\n\n\n<p class=\"has-text-align-center specjalizacje\" style=\"margin-top:0;margin-right:var(--wp--preset--spacing--20);margin-bottom:0;margin-left:var(--wp--preset--spacing--20);font-size:18px\">Analizujemy, planujemy, rozwijamy, powi\u0119kszamy warto\u015bci \u015brodk\u00f3w trwa\u0142ych, zapewniamy zast\u0119pstwa inwestycyjne.<\/p>\n<\/div>\n<\/div>\n\n\n\n<div class=\"wp-block-columns has-background is-layout-flex wp-container-core-columns-is-layout-e13bdb19 wp-block-columns-is-layout-flex\" style=\"background-color:#f8f8f8;padding-top:0;padding-bottom:0\">\n<div class=\"wp-block-column has-ast-global-color-4-background-color has-background is-layout-flow wp-block-column-is-layout-flow\" style=\"padding-top:var(--wp--preset--spacing--50);padding-bottom:var(--wp--preset--spacing--50);flex-basis:700px\">\n<figure class=\"wp-block-image aligncenter size-full is-resized\"><img loading=\"lazy\" decoding=\"async\" width=\"152\" height=\"138\" src=\"https:\/\/inlogit.com\/wp-content\/uploads\/2025\/01\/oper.png\" alt=\"\" class=\"wp-image-236\" style=\"width:134px;height:auto\"\/><\/figure>\n\n\n\n<p class=\"has-text-align-center specjalizacje\" style=\"font-size:32px\">Zarz\u0105dzanie dzia\u0142alno\u015bci\u0105 operacyjn\u0105<\/p>\n\n\n\n<p class=\"has-text-align-center specjalizacje\" style=\"font-size:18px\">Efektywnie zarz\u0105dzamy inwestycjami, materia\u0142ami, us\u0142ugami, aktywami, optymalizujemy koszty, poprawiamy efektywno\u015b\u0107 pracy pracownik\u00f3w w dotychczasowym zarz\u0105dzaniu, wprowadzamy jednolito\u015b\u0107 w biznesie.<\/p>\n<\/div>\n\n\n\n<div class=\"wp-block-column has-ast-global-color-4-background-color has-background is-layout-flow wp-container-core-column-is-layout-174dc50d wp-block-column-is-layout-flow\" style=\"border-style:none;border-width:0px;padding-top:var(--wp--preset--spacing--50);padding-bottom:var(--wp--preset--spacing--50);flex-basis:700px\">\n<figure class=\"wp-block-image aligncenter size-full is-resized\"><img loading=\"lazy\" decoding=\"async\" width=\"121\" height=\"127\" src=\"https:\/\/inlogit.com\/wp-content\/uploads\/2025\/01\/bio.png\" alt=\"\" class=\"wp-image-237\" style=\"width:104px;height:auto\"\/><\/figure>\n\n\n\n<div style=\"height:35px\" aria-hidden=\"true\" class=\"wp-block-spacer\"><\/div>\n\n\n\n<p class=\"has-text-align-center specjalizacje\" style=\"font-size:32px\">Bio innowacje<\/p>\n\n\n\n<div style=\"height:10px\" aria-hidden=\"true\" class=\"wp-block-spacer\"><\/div>\n\n\n\n<p class=\"has-text-align-center specjalizacje\" style=\"font-size:18px\">W przemy\u015ble budowlanym &#8211; prefabrykacji stosujemy rozwi\u0105zania innowacyjnych \u015brodk\u00f3w smarnych &#8211; form oil.<\/p>\n<\/div>\n<\/div>\n\n\n\n<div class=\"wp-block-columns has-background is-layout-flex wp-container-core-columns-is-layout-f5a44f5b wp-block-columns-is-layout-flex\" style=\"background-color:#f8f8f8\">\n<div class=\"wp-block-column has-ast-global-color-4-background-color has-background is-layout-flow wp-block-column-is-layout-flow\" style=\"padding-top:var(--wp--preset--spacing--50);padding-bottom:var(--wp--preset--spacing--50);flex-basis:700px\">\n<figure class=\"wp-block-image aligncenter size-full\"><img loading=\"lazy\" decoding=\"async\" width=\"105\" height=\"113\" src=\"https:\/\/inlogit.com\/wp-content\/uploads\/2025\/01\/kom.png\" alt=\"\" class=\"wp-image-242\"\/><\/figure>\n\n\n\n<p class=\"has-text-align-center specjalizacje has-large-font-size\">Partnerstwo i Komunikacja<\/p>\n\n\n\n<p class=\"has-text-align-center specjalizacje has-medium-font-size\" style=\"padding-top:0;padding-right:var(--wp--preset--spacing--30);padding-bottom:0;padding-left:var(--wp--preset--spacing--30)\">Dbamy o wysok\u0105 jako\u015b\u0107 naszych us\u0142ug, aby zapewni\u0107 lojalno\u015b\u0107 naszych klient\u00f3w. Dzi\u0119ki bogatej wiedzy i do\u015bwiadczeniu nasz Zesp\u00f3\u0142 z dum\u0105 oferuje ka\u017cdemu klientowi indywidualny poziom us\u0142ug.<\/p>\n<\/div>\n\n\n\n<div class=\"wp-block-column has-ast-global-color-4-background-color has-background is-layout-flow wp-block-column-is-layout-flow\" style=\"padding-top:var(--wp--preset--spacing--50);padding-bottom:var(--wp--preset--spacing--50);flex-basis:700px\">\n<figure class=\"wp-block-image aligncenter size-full\"><img loading=\"lazy\" decoding=\"async\" width=\"116\" height=\"117\" src=\"https:\/\/inlogit.com\/wp-content\/uploads\/2025\/01\/handel.png\" alt=\"\" class=\"wp-image-243\"\/><\/figure>\n\n\n\n<p class=\"has-text-align-center specjalizacje has-large-font-size\">Handel mi\u0119dzynarodowy<\/p>\n\n\n\n<p class=\"has-text-align-center specjalizacje has-medium-font-size\">\u015awiadczymy unikalne us\u0142ugi w zakresie mi\u0119dzynarodowych transakcji handlowych w Europie i na rynku wschodnim.<\/p>\n<\/div>\n<\/div>\n\n\n\n<div style=\"height:100px\" aria-hidden=\"true\" class=\"wp-block-spacer\"><\/div>\n\n\n\n<h2 class=\"wp-block-heading\" id=\"onas\"><\/h2>\n\n\n\n<h2 class=\"wp-block-heading has-text-align-center specjalizacje has-ast-global-color-2-color has-text-color has-link-color wp-elements-7b0b2213ed83cc8a609847ffd1bdf9ac\" style=\"margin-top:0;margin-right:0;margin-bottom:0;margin-left:0\">&nbsp;&nbsp;&nbsp;&nbsp;&nbsp;&nbsp;&nbsp;&nbsp;&nbsp;&nbsp;&nbsp;&nbsp;O nas<\/h2>\n\n\n\n<div class=\"wp-block-columns is-layout-flex wp-container-core-columns-is-layout-28f84493 wp-block-columns-is-layout-flex\">\n<div class=\"wp-block-column is-layout-flow wp-block-column-is-layout-flow\">\n<figure class=\"wp-block-image aligncenter size-large is-resized\" style=\"margin-top:var(--wp--preset--spacing--80);margin-right:0;margin-bottom:var(--wp--preset--spacing--80);margin-left:0\"><img loading=\"lazy\" decoding=\"async\" width=\"1024\" height=\"574\" src=\"https:\/\/inlogit.com\/wp-content\/uploads\/2025\/01\/AdobeStock_727632585-1024x574.webp\" alt=\"\" class=\"wp-image-8\" style=\"width:669px;height:auto\" srcset=\"https:\/\/inlogit.com\/wp-content\/uploads\/2025\/01\/AdobeStock_727632585-1024x574.webp 1024w, https:\/\/inlogit.com\/wp-content\/uploads\/2025\/01\/AdobeStock_727632585-300x168.webp 300w, https:\/\/inlogit.com\/wp-content\/uploads\/2025\/01\/AdobeStock_727632585-768x430.webp 768w, https:\/\/inlogit.com\/wp-content\/uploads\/2025\/01\/AdobeStock_727632585-1536x861.webp 1536w, https:\/\/inlogit.com\/wp-content\/uploads\/2025\/01\/AdobeStock_727632585-2048x1148.webp 2048w\" sizes=\"auto, (max-width: 1024px) 100vw, 1024px\" \/><\/figure>\n<\/div>\n\n\n\n<div class=\"wp-block-column is-layout-flow wp-block-column-is-layout-flow\">\n<div style=\"height:21px\" aria-hidden=\"true\" class=\"wp-block-spacer\"><\/div>\n\n\n\n<p class=\"has-text-align-left specjalizacje\" style=\"border-style:none;border-width:0px;border-radius:0px;font-size:18px\">Jeste\u015bmy firm\u0105 stworzon\u0105 przez Przyjaci\u00f3\u0142, kt\u00f3rej rozw\u00f3j<br>oparty jest o zdobyt\u0105 dotychczas, wieloletni\u0105 wiedz\u0119 w<br>bran\u017cy transportowej, logistyki, wynajmu, handlu<br>mi\u0119dzynarodowego, obrotu nieruchomo\u015bciami oraz w<br>szeroko rozumianej bran\u017cy \u015brodk\u00f3w smarnych<br>stosowanych w przemy\u015ble budowlanym. Dzia\u0142amy w<br>oparciu o partnerskie relacje, zrozumienie potrzeb<br>Klient\u00f3w, wzajemny szacunek, profesionalizm oraz<br>terminowo\u015b\u0107, kt\u00f3re s\u0105 podstaw\u0105 naszej dzia\u0142alnosci. Cele<br>firmy s\u0105 silnie zwi\u0105zane z odpowiedzialnym biznesem i<br>zr\u00f3wnowa\u017conym rozwojem. Stawiamy na budowanie<br>etycznych, transparentnych i partnerskich relacji.<br>Jeste\u015bmy otwarci na potrzeby naszych klient\u00f3w,<br>s\u0142uchaj\u0105c ich staramy si\u0119 proponowa\u0107 nowe rozwi\u0105zania,<br>nowe produkty, ci\u0105gle rozszerzaj\u0105c nasz\u0105 ofert\u0119.<\/p>\n<\/div>\n<\/div>\n\n\n\n<div style=\"height:100px\" aria-hidden=\"true\" class=\"wp-block-spacer\"><\/div>\n\n\n\n<div class=\"wp-block-cover alignfull\" style=\"min-height:220px;aspect-ratio:unset;\"><span aria-hidden=\"true\" class=\"wp-block-cover__background has-ast-global-color-2-background-color has-background-dim-100 has-background-dim\"><\/span><div class=\"wp-block-cover__inner-container is-layout-constrained wp-block-cover-is-layout-constrained\">\n<p class=\"has-text-align-left has-large-font-size\"><\/p>\n\n\n\n<div class=\"wp-block-columns is-layout-flex wp-container-core-columns-is-layout-28f84493 wp-block-columns-is-layout-flex\">\n<div class=\"wp-block-column is-layout-flow wp-container-core-column-is-layout-b2a27621 wp-block-column-is-layout-flow\" style=\"padding-top:0;padding-right:0;padding-bottom:0;padding-left:0;flex-basis:645px\">\n<p class=\"specjalizacje has-text-color has-link-color wp-elements-a2739eb684240e328878b80bb98ec822\" style=\"color:#009ee0;font-size:22px\"><em>Osi\u0105gni\u0119cie za\u0142o\u017conych cel\u00f3w jest naszym wsp\u00f3lnym sukcesem.<\/em><\/p>\n<\/div>\n\n\n\n<div class=\"wp-block-column is-layout-flow wp-block-column-is-layout-flow\" style=\"flex-basis:230px\">\n<p class=\"specjalizacje has-ast-global-color-4-color has-text-color has-link-color wp-elements-fa8460f3ef2255f6010723432160adb4\" style=\"font-size:20px\">Adres:<\/p>\n\n\n\n<p class=\"has-text-align-left specjalizacje has-ast-global-color-4-color has-text-color has-link-color has-medium-font-size wp-elements-d34fcc82b7c1e52d1b8aff650c61916f\" style=\"padding-top:0;padding-right:0;padding-bottom:0;padding-left:0\">ul. G\u00f3rczewska 224\/62<br>01-460 Warszawa<br><\/p>\n<\/div>\n\n\n\n<div class=\"wp-block-column is-layout-flow wp-block-column-is-layout-flow\" style=\"flex-basis:200px\">\n<p class=\"has-text-align-right specjalizacje zawijanie has-ast-global-color-4-color has-text-color has-link-color wp-elements-fa43d6bbb65edb6acf7939d0e09c3b09\" style=\"padding-top:0;padding-right:0;padding-bottom:0;padding-left:0;font-size:20px\">Kontakt:<br><a href=\"mailto:office@inlogit.com\">office@inlogit.com<\/a><br><br>tel. +48 694 455 553<br>+48 694 455 554<\/p>\n<\/div>\n<\/div>\n<\/div><\/div>\n\n\n\n<p><\/p>\n","protected":false},"excerpt":{"rendered":"<p>W Inlogit rozumiemy Pa\u0144stwa za\u0142o\u017cenia oraz wyznaczone kierunki rozwoju.Do Pa\u0144stwa dyspozycji oddajemy Nasze grono Ekspert\u00f3w oraz instrumenty, kt\u00f3re pomog\u0105 osi\u0105gn\u0105\u0107 [&hellip;]<\/p>\n","protected":false},"author":1,"featured_media":0,"parent":0,"menu_order":0,"comment_status":"closed","ping_status":"closed","template":"","meta":{"site-sidebar-layout":"default","site-content-layout":"","ast-site-content-layout":"","site-content-style":"default","site-sidebar-style":"default","ast-global-header-display":"","ast-banner-title-visibility":"","ast-main-header-display":"","ast-hfb-above-header-display":"","ast-hfb-below-header-display":"","ast-hfb-mobile-header-display":"","site-post-title":"disabled","ast-breadcrumbs-content":"","ast-featured-img":"","footer-sml-layout":"","ast-disable-related-posts":"","theme-transparent-header-meta":"","adv-header-id-meta":"","stick-header-meta":"","header-above-stick-meta":"","header-main-stick-meta":"","header-below-stick-meta":"","astra-migrate-meta-layouts":"default","ast-page-background-enabled":"default","ast-page-background-meta":{"desktop":{"background-color":"var(--ast-global-color-5)","background-image":"","background-repeat":"repeat","background-position":"center center","background-size":"auto","background-attachment":"scroll","background-type":"","background-media":"","overlay-type":"","overlay-color":"","overlay-opacity":"","overlay-gradient":""},"tablet":{"background-color":"","background-image":"","background-repeat":"repeat","background-position":"center center","background-size":"auto","background-attachment":"scroll","background-type":"","background-media":"","overlay-type":"","overlay-color":"","overlay-opacity":"","overlay-gradient":""},"mobile":{"background-color":"","background-image":"","background-repeat":"repeat","background-position":"center center","background-size":"auto","background-attachment":"scroll","background-type":"","background-media":"","overlay-type":"","overlay-color":"","overlay-opacity":"","overlay-gradient":""}},"ast-content-background-meta":{"desktop":{"background-color":"var(--ast-global-color-4)","background-image":"","background-repeat":"repeat","background-position":"center center","background-size":"auto","background-attachment":"scroll","background-type":"","background-media":"","overlay-type":"","overlay-color":"","overlay-opacity":"","overlay-gradient":""},"tablet":{"background-color":"var(--ast-global-color-4)","background-image":"","background-repeat":"repeat","background-position":"center center","background-size":"auto","background-attachment":"scroll","background-type":"","background-media":"","overlay-type":"","overlay-color":"","overlay-opacity":"","overlay-gradient":""},"mobile":{"background-color":"var(--ast-global-color-4)","background-image":"","background-repeat":"repeat","background-position":"center center","background-size":"auto","background-attachment":"scroll","background-type":"","background-media":"","overlay-type":"","overlay-color":"","overlay-opacity":"","overlay-gradient":""}},"footnotes":""},"class_list":["post-203","page","type-page","status-publish","hentry"],"_links":{"self":[{"href":"https:\/\/inlogit.com\/index.php\/wp-json\/wp\/v2\/pages\/203","targetHints":{"allow":["GET"]}}],"collection":[{"href":"https:\/\/inlogit.com\/index.php\/wp-json\/wp\/v2\/pages"}],"about":[{"href":"https:\/\/inlogit.com\/index.php\/wp-json\/wp\/v2\/types\/page"}],"author":[{"embeddable":true,"href":"https:\/\/inlogit.com\/index.php\/wp-json\/wp\/v2\/users\/1"}],"replies":[{"embeddable":true,"href":"https:\/\/inlogit.com\/index.php\/wp-json\/wp\/v2\/comments?post=203"}],"version-history":[{"count":181,"href":"https:\/\/inlogit.com\/index.php\/wp-json\/wp\/v2\/pages\/203\/revisions"}],"predecessor-version":[{"id":546,"href":"https:\/\/inlogit.com\/index.php\/wp-json\/wp\/v2\/pages\/203\/revisions\/546"}],"wp:attachment":[{"href":"https:\/\/inlogit.com\/index.php\/wp-json\/wp\/v2\/media?parent=203"}],"curies":[{"name":"wp","href":"https:\/\/api.w.org\/{rel}","templated":true}]}}